{"id":80,"date":"2018-04-30T15:20:15","date_gmt":"2018-04-30T18:20:15","guid":{"rendered":"http:\/\/www.maxitrate.com.br\/cms\/?page_id=80"},"modified":"2022-12-13T18:01:46","modified_gmt":"2022-12-13T21:01:46","slug":"maxitrate-excelencia-em-solucoes-metalurgicas","status":"publish","type":"page","link":"http:\/\/www.maxitrate.com.br\/cms\/","title":{"rendered":"Maxitrate &#8211; Excel\u00eancia em Solu\u00e7\u00f5es Metal\u00fargicas"},"content":{"rendered":"<span itemprop=\"description\"><h1>Maxitrate &#8211; Excel\u00eancia em Solu\u00e7\u00f5es Metal\u00fargicas<\/h1>\n<p>A Maxitrate Tratamento T\u00e9rmico e Controles Ltda oferece a melhor solu\u00e7\u00e3o em metalurgia, com os recursos mais adequados para atender as necessidades de sua empresa, atuando nos principais setores econ\u00f4micos do pais.<\/p>\n<p>A Maxitrate \u00e9 certificada ISO 9001 e atende as principais normas do segmento como CQI.09, API 6A e AMS 2750. No mercado desde 1992, contamos com uma \u00e1rea industrial de 8 mil m\u00b2 distribu\u00eddos em duas plantas industriais &#8211; Ipiranga e Araraquara &#8211; com capacidade de tratamento t\u00e9rmico de 5 mil ton.\/m\u00eas.<\/p>\n<hr \/>\n<h2 style=\"text-align: left;\">Produtos em Destaque<\/h2>\n<div class=\"wpe-col wpe-col-13-13-13\">\n<div class=\"wpe-col-1\">\n<p><a title=\"Tratamento T\u00e9rmico Revenimento\" href=\"http:\/\/www.maxitrate.com.br\/tratamento-termico-revenimento.html\" rel=\"nofollow\"><img decoding=\"async\" class=\"aligncenter\" title=\"Tratamento T\u00e9rmico Revenimento\" src=\"http:\/\/www.maxitrate.com.br\/inc\/scripts\/thumbs3bd0.jpg?w=150&amp;h=150&amp;imagem=http:\/\/www.maxitrate.com.br\/imagens\/informacoes\/tratamento-termico-revenimento-01.jpg\" alt=\"Tratamento T\u00e9rmico Revenimento\" \/><\/a><\/p>\n<h6 style=\"font-family: Arial, Helvetica, Verdana, sans-serif; font-style: normal; text-align: center;\"><a href=\"http:\/\/www.maxitrate.com.br\/cms\/tratamento-revenimento\/\">Tratamento T\u00e9rmico Revenimento<\/a><\/h6>\n<\/div>\n<div class=\"wpe-col-2\">\n<p><a title=\"Tratamento T\u00e9rmico Martempera\" href=\"http:\/\/www.maxitrate.com.br\/tratamento-termico-martempera.html\" rel=\"nofollow\"><img decoding=\"async\" class=\"aligncenter\" title=\"Tratamento T\u00e9rmico Martempera\" src=\"http:\/\/www.maxitrate.com.br\/inc\/scripts\/thumbs370e.jpg?w=150&amp;h=150&amp;imagem=http:\/\/www.maxitrate.com.br\/imagens\/informacoes\/tratamento-termico-martempera-01.jpg\" alt=\"Tratamento T\u00e9rmico Martempera\" \/><\/a><\/p>\n<h6 style=\"font-family: Arial, Helvetica, Verdana, sans-serif; font-style: normal; text-align: center;\"><a href=\"http:\/\/www.maxitrate.com.br\/cms\/tratamento-de-martempera\/\">Tratamento T\u00e9rmico Martempera<\/a><\/h6>\n<\/div>\n<div class=\"wpe-col-3\">\n<p><a title=\"Tratamento T\u00e9rmico de Envelhecimento\" href=\"http:\/\/www.maxitrate.com.br\/tratamento-termico-envelhecimento.html\" rel=\"nofollow\"><img decoding=\"async\" class=\"aligncenter\" title=\"Tratamento T\u00e9rmico de Envelhecimento\" src=\"http:\/\/www.maxitrate.com.br\/inc\/scripts\/thumbs764f.jpg?w=150&amp;h=150&amp;imagem=http:\/\/www.maxitrate.com.br\/imagens\/informacoes\/tratamento-termico-envelhecimento-01.jpg\" alt=\"Tratamento T\u00e9rmico de Envelhecimento\" \/><\/a><\/p>\n<h6 style=\"font-family: Arial, Helvetica, Verdana, sans-serif; font-style: normal; text-align: center;\"><a href=\"http:\/\/www.maxitrate.com.br\/cms\/tratamento-de-solubilizacao-e-envelhecimento\/\">Tratamento T\u00e9rmico de Envelhecimento<\/a><\/h6>\n<\/div>\n<\/div>\n<span>","protected":false},"excerpt":{"rendered":"<p class=\"excerpt\"><span itemprop=\"description\">Maxitrate &#8211; Excel\u00eancia em Solu\u00e7\u00f5es Metal\u00fargicas A Maxitrate Tratamento T\u00e9rmico e Controles Ltda oferece a melhor solu\u00e7\u00e3o em metalurgia, com os recursos mais adequados para atender as necessidades de sua empresa, atuando nos principais setores econ\u00f4micos do pais. A Maxitrate \u00e9 certificada ISO 9001 e&hellip;<\/span><\/p>\n<p class=\"more-link-p btn-align-left\"><a class=\"blue zoom-btn\" href=\"http:\/\/www.maxitrate.com.br\/cms\/\">Leia mais&#8230;<\/a><\/p>\n","protected":false},"author":1,"featured_media":0,"parent":0,"menu_order":0,"comment_status":"closed","ping_status":"closed","template":"","meta":{"footnotes":""},"class_list":["post-80","page","type-page","status-publish","hentry","zoom-theme-has-thumb"],"yoast_head":"<!-- This site is optimized with the Yoast SEO plugin v22.0 - https:\/\/yoast.com\/wordpress\/plugins\/seo\/ -->\n<title>Maxitrate - Excel\u00eancia em Solu\u00e7\u00f5es Metal\u00fargicas - Tratamento T\u00e9rmico<\/title>\n<meta name=\"robots\" content=\"index, follow, max-snippet:-1, max-image-preview:large, max-video-preview:-1\" \/>\n<link rel=\"canonical\" href=\"http:\/\/www.maxitrate.com.br\/cms\/\" \/>\n<meta property=\"og:locale\" content=\"pt_BR\" \/>\n<meta property=\"og:type\" content=\"article\" \/>\n<meta property=\"og:title\" content=\"Maxitrate - Excel\u00eancia em Solu\u00e7\u00f5es Metal\u00fargicas - Tratamento T\u00e9rmico\" \/>\n<meta property=\"og:description\" content=\"Maxitrate &#8211; Excel\u00eancia em Solu\u00e7\u00f5es Metal\u00fargicas A Maxitrate Tratamento T\u00e9rmico e Controles Ltda oferece a melhor solu\u00e7\u00e3o em metalurgia, com os recursos mais adequados para atender as necessidades de sua empresa, atuando nos principais setores econ\u00f4micos do pais. A Maxitrate \u00e9 certificada ISO 9001 e&hellip;Leia mais...\" \/>\n<meta property=\"og:url\" content=\"http:\/\/www.maxitrate.com.br\/cms\/\" \/>\n<meta property=\"og:site_name\" content=\"Tratamento T\u00e9rmico\" \/>\n<meta property=\"article:modified_time\" content=\"2022-12-13T21:01:46+00:00\" \/>\n<meta property=\"og:image\" content=\"http:\/\/www.maxitrate.com.br\/inc\/scripts\/thumbs3bd0.jpg?w=150&amp;h=150&amp;imagem=http:\/\/www.maxitrate.com.br\/imagens\/informacoes\/tratamento-termico-revenimento-01.jpg\" \/>\n<meta name=\"twitter:card\" content=\"summary_large_image\" \/>\n<meta name=\"twitter:label1\" content=\"Est. tempo de leitura\" \/>\n\t<meta name=\"twitter:data1\" content=\"2 minutos\" \/>\n<script type=\"application\/ld+json\" class=\"yoast-schema-graph\">{\"@context\":\"https:\/\/schema.org\",\"@graph\":[{\"@type\":\"WebPage\",\"@id\":\"http:\/\/www.maxitrate.com.br\/cms\/\",\"url\":\"http:\/\/www.maxitrate.com.br\/cms\/\",\"name\":\"Maxitrate - Excel\u00eancia em Solu\u00e7\u00f5es Metal\u00fargicas - Tratamento T\u00e9rmico\",\"isPartOf\":{\"@id\":\"http:\/\/www.maxitrate.com.br\/cms\/#website\"},\"datePublished\":\"2018-04-30T18:20:15+00:00\",\"dateModified\":\"2022-12-13T21:01:46+00:00\",\"breadcrumb\":{\"@id\":\"http:\/\/www.maxitrate.com.br\/cms\/#breadcrumb\"},\"inLanguage\":\"pt-BR\",\"potentialAction\":[{\"@type\":\"ReadAction\",\"target\":[\"http:\/\/www.maxitrate.com.br\/cms\/\"]}]},{\"@type\":\"BreadcrumbList\",\"@id\":\"http:\/\/www.maxitrate.com.br\/cms\/#breadcrumb\",\"itemListElement\":[{\"@type\":\"ListItem\",\"position\":1,\"name\":\"In\u00edcio\",\"item\":\"http:\/\/www.maxitrate.com.br\/cms\/\"},{\"@type\":\"ListItem\",\"position\":2,\"name\":\"Maxitrate &#8211; Excel\u00eancia em Solu\u00e7\u00f5es Metal\u00fargicas\"}]},{\"@type\":\"WebSite\",\"@id\":\"http:\/\/www.maxitrate.com.br\/cms\/#website\",\"url\":\"http:\/\/www.maxitrate.com.br\/cms\/\",\"name\":\"Tratamento T\u00e9rmico\",\"description\":\"Excel\u00eancia em Servi\u00e7os\",\"publisher\":{\"@id\":\"http:\/\/www.maxitrate.com.br\/cms\/#organization\"},\"potentialAction\":[{\"@type\":\"SearchAction\",\"target\":{\"@type\":\"EntryPoint\",\"urlTemplate\":\"http:\/\/www.maxitrate.com.br\/cms\/?s={search_term_string}\"},\"query-input\":\"required name=search_term_string\"}],\"inLanguage\":\"pt-BR\"},{\"@type\":\"Organization\",\"@id\":\"http:\/\/www.maxitrate.com.br\/cms\/#organization\",\"name\":\"Tratamento T\u00e9rmico\",\"url\":\"http:\/\/www.maxitrate.com.br\/cms\/\",\"logo\":{\"@type\":\"ImageObject\",\"inLanguage\":\"pt-BR\",\"@id\":\"http:\/\/www.maxitrate.com.br\/cms\/#\/schema\/logo\/image\/\",\"url\":\"http:\/\/www.maxitrate.com.br\/cms\/wp-content\/uploads\/2018\/06\/cms-logotipo-maxitrate200.jpg\",\"contentUrl\":\"http:\/\/www.maxitrate.com.br\/cms\/wp-content\/uploads\/2018\/06\/cms-logotipo-maxitrate200.jpg\",\"width\":200,\"height\":200,\"caption\":\"Tratamento T\u00e9rmico\"},\"image\":{\"@id\":\"http:\/\/www.maxitrate.com.br\/cms\/#\/schema\/logo\/image\/\"}}]}<\/script>\n<!-- \/ Yoast SEO plugin. -->","yoast_head_json":{"title":"Maxitrate - Excel\u00eancia em Solu\u00e7\u00f5es Metal\u00fargicas - Tratamento T\u00e9rmico","robots":{"index":"index","follow":"follow","max-snippet":"max-snippet:-1","max-image-preview":"max-image-preview:large","max-video-preview":"max-video-preview:-1"},"canonical":"http:\/\/www.maxitrate.com.br\/cms\/","og_locale":"pt_BR","og_type":"article","og_title":"Maxitrate - Excel\u00eancia em Solu\u00e7\u00f5es Metal\u00fargicas - Tratamento T\u00e9rmico","og_description":"Maxitrate &#8211; Excel\u00eancia em Solu\u00e7\u00f5es Metal\u00fargicas A Maxitrate Tratamento T\u00e9rmico e Controles Ltda oferece a melhor solu\u00e7\u00e3o em metalurgia, com os recursos mais adequados para atender as necessidades de sua empresa, atuando nos principais setores econ\u00f4micos do pais. A Maxitrate \u00e9 certificada ISO 9001 e&hellip;Leia mais...","og_url":"http:\/\/www.maxitrate.com.br\/cms\/","og_site_name":"Tratamento T\u00e9rmico","article_modified_time":"2022-12-13T21:01:46+00:00","og_image":[{"url":"http:\/\/www.maxitrate.com.br\/inc\/scripts\/thumbs3bd0.jpg?w=150&amp;h=150&amp;imagem=http:\/\/www.maxitrate.com.br\/imagens\/informacoes\/tratamento-termico-revenimento-01.jpg"}],"twitter_card":"summary_large_image","twitter_misc":{"Est. tempo de leitura":"2 minutos"},"schema":{"@context":"https:\/\/schema.org","@graph":[{"@type":"WebPage","@id":"http:\/\/www.maxitrate.com.br\/cms\/","url":"http:\/\/www.maxitrate.com.br\/cms\/","name":"Maxitrate - Excel\u00eancia em Solu\u00e7\u00f5es Metal\u00fargicas - Tratamento T\u00e9rmico","isPartOf":{"@id":"http:\/\/www.maxitrate.com.br\/cms\/#website"},"datePublished":"2018-04-30T18:20:15+00:00","dateModified":"2022-12-13T21:01:46+00:00","breadcrumb":{"@id":"http:\/\/www.maxitrate.com.br\/cms\/#breadcrumb"},"inLanguage":"pt-BR","potentialAction":[{"@type":"ReadAction","target":["http:\/\/www.maxitrate.com.br\/cms\/"]}]},{"@type":"BreadcrumbList","@id":"http:\/\/www.maxitrate.com.br\/cms\/#breadcrumb","itemListElement":[{"@type":"ListItem","position":1,"name":"In\u00edcio","item":"http:\/\/www.maxitrate.com.br\/cms\/"},{"@type":"ListItem","position":2,"name":"Maxitrate &#8211; Excel\u00eancia em Solu\u00e7\u00f5es Metal\u00fargicas"}]},{"@type":"WebSite","@id":"http:\/\/www.maxitrate.com.br\/cms\/#website","url":"http:\/\/www.maxitrate.com.br\/cms\/","name":"Tratamento T\u00e9rmico","description":"Excel\u00eancia em Servi\u00e7os","publisher":{"@id":"http:\/\/www.maxitrate.com.br\/cms\/#organization"},"potentialAction":[{"@type":"SearchAction","target":{"@type":"EntryPoint","urlTemplate":"http:\/\/www.maxitrate.com.br\/cms\/?s={search_term_string}"},"query-input":"required name=search_term_string"}],"inLanguage":"pt-BR"},{"@type":"Organization","@id":"http:\/\/www.maxitrate.com.br\/cms\/#organization","name":"Tratamento T\u00e9rmico","url":"http:\/\/www.maxitrate.com.br\/cms\/","logo":{"@type":"ImageObject","inLanguage":"pt-BR","@id":"http:\/\/www.maxitrate.com.br\/cms\/#\/schema\/logo\/image\/","url":"http:\/\/www.maxitrate.com.br\/cms\/wp-content\/uploads\/2018\/06\/cms-logotipo-maxitrate200.jpg","contentUrl":"http:\/\/www.maxitrate.com.br\/cms\/wp-content\/uploads\/2018\/06\/cms-logotipo-maxitrate200.jpg","width":200,"height":200,"caption":"Tratamento T\u00e9rmico"},"image":{"@id":"http:\/\/www.maxitrate.com.br\/cms\/#\/schema\/logo\/image\/"}}]}},"_links":{"self":[{"href":"http:\/\/www.maxitrate.com.br\/cms\/wp-json\/wp\/v2\/pages\/80","targetHints":{"allow":["GET"]}}],"collection":[{"href":"http:\/\/www.maxitrate.com.br\/cms\/wp-json\/wp\/v2\/pages"}],"about":[{"href":"http:\/\/www.maxitrate.com.br\/cms\/wp-json\/wp\/v2\/types\/page"}],"author":[{"embeddable":true,"href":"http:\/\/www.maxitrate.com.br\/cms\/wp-json\/wp\/v2\/users\/1"}],"replies":[{"embeddable":true,"href":"http:\/\/www.maxitrate.com.br\/cms\/wp-json\/wp\/v2\/comments?post=80"}],"version-history":[{"count":10,"href":"http:\/\/www.maxitrate.com.br\/cms\/wp-json\/wp\/v2\/pages\/80\/revisions"}],"predecessor-version":[{"id":1184,"href":"http:\/\/www.maxitrate.com.br\/cms\/wp-json\/wp\/v2\/pages\/80\/revisions\/1184"}],"wp:attachment":[{"href":"http:\/\/www.maxitrate.com.br\/cms\/wp-json\/wp\/v2\/media?parent=80"}],"curies":[{"name":"wp","href":"https:\/\/api.w.org\/{rel}","templated":true}]}}